{"id":633,"date":"2021-08-05T16:09:43","date_gmt":"2021-08-05T13:09:43","guid":{"rendered":"https:\/\/cepmreina.com.ar\/sitio\/?page_id=633"},"modified":"2021-08-05T18:36:59","modified_gmt":"2021-08-05T15:36:59","slug":"proyecto-educativo","status":"publish","type":"page","link":"https:\/\/www.cepjuanxxiii.edu.ar\/sitio\/proyecto-educativo\/","title":{"rendered":"Proyecto Educativo"},"content":{"rendered":"\n<h2 class=\"wp-block-heading\"><strong>Proyecto Educativo Institucional<\/strong><\/h2>\n\n\n\n<div class=\"wp-block-media-text alignwide has-media-on-the-right is-stacked-on-mobile\" style=\"grid-template-columns:auto 28%\"><figure class=\"wp-block-media-text__media\"><img loading=\"lazy\" decoding=\"async\" width=\"234\" height=\"310\" src=\"https:\/\/cepmreina.com.ar\/sitio\/wp-content\/uploads\/2021\/08\/image-5.png\" alt=\"\" class=\"wp-image-665 size-full\" srcset=\"https:\/\/www.cepjuanxxiii.edu.ar\/sitio\/wp-content\/uploads\/2021\/08\/image-5.png 234w, https:\/\/www.cepjuanxxiii.edu.ar\/sitio\/wp-content\/uploads\/2021\/08\/image-5-226x300.png 226w\" sizes=\"auto, (max-width: 234px) 100vw, 234px\" \/><\/figure><div class=\"wp-block-media-text__content\">\n<p class=\"has-normal-font-size\">Este enunciado que figura en nuestro PEI, es el norte hacia el cual mira todo nuestro centro educativo, convencidos de que \u00abeducar es la mejor manera de amar\u00bb, como dec\u00eda San Juan XXIII, el Papa Bueno. Hacia all\u00ed se encamina la tarea de todos los niveles del establecimiento. En esta hermosa y dif\u00edcil misi\u00f3n nos asociamos a las familias, ya que tenemos un sue\u00f1o en com\u00fan: acompa\u00f1ar a nuestros ni\u00f1os, adolescentes y j\u00f3venes a ser personas \u00abfelices y capaces\u00bb&#8230;Y contamos, adem\u00e1s, con la presencia inefable del Divino Ni\u00f1o Jes\u00fas, que nos bendice desde su santa infancia, y, claro est\u00e1, de su Madre, Mar\u00eda Reina, que alberga en Su regazo a ni\u00f1os, docentes, familias&#8230; Tenemos un sue\u00f1o en com\u00fan: nuestros hijos-alumnos&#8230; \u00a1Caminemos juntos!<\/p>\n<\/div><\/div>\n\n\n\n<h2 class=\"wp-block-heading\"><strong>Ideario de las Escuelas Parroquiales de la Arquidi\u00f3cesis de C\u00f3rdoba<\/strong><\/h2>\n\n\n\n<p><em>\u00abVayan, y hagan que todos los pueblos sean mis disc\u00edpulos\u2026 Y yo estar\u00e9 siempre con ustedes hasta el fin del mundo.\u00bb (Mt 28,19 20)<\/em><\/p>\n\n\n\n<p>HISTORIA<\/p>\n\n\n\n<p>\u00abLa creaci\u00f3n de las escuelas parroquiales es la respuesta a una demanda de la Iglesia que en su magisterio y en los Documentos, debemos hallar su m\u00e1s claro marco referencial\u00bb. El esp\u00edritu que mueve la creaci\u00f3n de estas escuelas no es otro que el mismo propuesto por el Nuevo Testamento: Evangelizar.<\/p>\n\n\n\n<p>PERSONA<\/p>\n\n\n\n<p>\u00abConcepto que se apoya en el principio de que es ser, creado a imagen y semejanza de Dios, \u00fanico, indiviso, irrepetible, perfectible, que tiende a la trascendencia y se desarrolla en sociedad. Es un ser racional, responsable, capaz de realizar opciones libremente, abierto a Dios, a los dem\u00e1s hombres y al mundo.<\/p>\n\n\n\n<p>EDUCACI\u00d3N<\/p>\n\n\n\n<p>Es una actividad humana, asumida por la Iglesia como formaci\u00f3n Evangelizadora, que humaniza y personaliza al Hombre en orden a su fin \u00faltimo.<\/p>\n\n\n\n<p>ESCUELA PARROQUIAL <\/p>\n\n\n\n<p>La Iglesia crea sus propias escuelas porque reconoce en la escuela un medio privilegiado para la formaci\u00f3n integral del hombre, en cuanto que ella es un centro donde se elabora y se transmite una concepci\u00f3n espec\u00edfica del mundo, del hombre y de la historia, siendo Jes\u00fas el centro de la misma y el m\u00f3vil del compromiso educativo.<\/p>\n\n\n\n<div class=\"wp-block-media-text alignwide has-media-on-the-right is-stacked-on-mobile\" style=\"grid-template-columns:auto 20%\"><figure class=\"wp-block-media-text__media\"><img loading=\"lazy\" decoding=\"async\" width=\"166\" height=\"293\" src=\"https:\/\/cepmreina.com.ar\/sitio\/wp-content\/uploads\/2021\/08\/image-6.png\" alt=\"\" class=\"wp-image-666 size-full\"\/><\/figure><div class=\"wp-block-media-text__content\">\n<p>La Escuela Parroquial es una comunidad educativa de aut\u00e9nticas relaciones interpersonales entre quienes la componen; se rige por los principios pedag\u00f3gicos enunciados por la Iglesia y se inserta en la Pastoral Org\u00e1nica de la Parroquia como instrumento privilegiado, a la vez que se preserva su autonom\u00eda acad\u00e9mica.<\/p>\n\n\n\n<p>COMUNIDAD EDUCATIVA<\/p>\n\n\n\n<p>\u201cLa comunidad, como tal, es un nuevo ser distinto de la sumatoria de sus componentes\u2026 Tambi\u00e9n ella tiene que tener sus proyectos y sus objetivos educativos\u201d (Educ. y Proy. de Vida 74). Reconociendo en los padres su natural e insustituible misi\u00f3n de educar a sus hijos. \u201cCada comunidad educativa ha de buscar las formas concretas m\u00e1s viables y adecuadas a su situaci\u00f3n particular.\u201d<\/p>\n<\/div><\/div>\n\n\n\n<h2 class=\"wp-block-heading\"><strong>Dec\u00e1logo de San Juan XXIII<\/strong><\/h2>\n\n\n\n<ol class=\"wp-block-list\" type=\"1\"><li>S\u00f3lo por hoy tratar\u00e9 de vivir exclusivamente el d\u00eda, sin querer resolver el problema de mi vida todo de una vez.<\/li><li>S\u00f3lo por hoy tendr\u00e9 el m\u00e1ximo cuidado de mi aspecto: cortes en mis maneras, no criticar\u00e9 a nadie y no pretender\u00e9 mejorar o disciplinar a nadie, sino a m\u00ed mismo.<\/li><li>S\u00f3lo por hoy ser\u00e9 feliz en la certeza de que he sido creado para la felicidad, no s\u00f3lo en el otro mundo, sino en \u00e9ste tambi\u00e9n.<\/li><li>S\u00f3lo por hoy me adaptar\u00e9 a las circunstancias, sin pretender que las circunstancias se adapten todas a mis deseos.<\/li><li>S\u00f3lo por hoy dedicar\u00e9 diez minutos de mi tiempo a una buena lectura; recordando que, como el alimento es necesario para la vida del cuerpo, as\u00ed la buena lectura es necesaria para la vida del alma.<\/li><li>S\u00f3lo por hoy har\u00e9 una buena acci\u00f3n y no lo dir\u00e9 a nadie.<\/li><li>S\u00f3lo por hoy har\u00e9 por lo menos una cosa que no deseo hacer; y si me sintiera ofendido en mis sentimientos procurar\u00e9 que nadie se entere.<\/li><li>S\u00f3lo por hoy me har\u00e9 un programa detallado. Quiz\u00e1 no lo cumplir\u00e9 cabalmente, pero lo redactar\u00e9. Y me guardar\u00e9 de dos calamidades: la prisa y la indecisi\u00f3n.<\/li><li>S\u00f3lo por hoy creer\u00e9 firmemente -aunque las circunstancias demuestren lo contrario- que la buena providencia de Dios se ocupa de m\u00ed como si nadie existiera en el mundo.<\/li><li>S\u00f3lo por hoy no tendr\u00e9 temores. De manera particular no tendr\u00e9 miedo de gozar de lo que es bello y de creer en la bondad.<\/li><\/ol>\n\n\n\n<p class=\"has-text-align-center\"><strong><em>\u201cPuedo hacer bien durante doce horas, lo que me descorazonar\u00eda si pensase tener que hacerlo durante toda mi vida.\u201d<\/em><\/strong><\/p>\n","protected":false},"excerpt":{"rendered":"<p>Proyecto Educativo Institucional Este enunciado que figura en nuestro PEI, es el norte hacia el cual mira todo nuestro centro educativo, convencidos de que \u00abeducar es la mejor manera de amar\u00bb, como dec\u00eda San Juan XXIII, el Papa Bueno. Hacia all\u00ed se encamina la tarea de todos los niveles del establecimiento. En esta hermosa y [&hellip;]<\/p>\n","protected":false},"author":2,"featured_media":0,"parent":0,"menu_order":0,"comment_status":"closed","ping_status":"closed","template":"","meta":{"footnotes":""},"class_list":["post-633","page","type-page","status-publish","hentry"],"_links":{"self":[{"href":"https:\/\/www.cepjuanxxiii.edu.ar\/sitio\/wp-json\/wp\/v2\/pages\/633","targetHints":{"allow":["GET"]}}],"collection":[{"href":"https:\/\/www.cepjuanxxiii.edu.ar\/sitio\/wp-json\/wp\/v2\/pages"}],"about":[{"href":"https:\/\/www.cepjuanxxiii.edu.ar\/sitio\/wp-json\/wp\/v2\/types\/page"}],"author":[{"embeddable":true,"href":"https:\/\/www.cepjuanxxiii.edu.ar\/sitio\/wp-json\/wp\/v2\/users\/2"}],"replies":[{"embeddable":true,"href":"https:\/\/www.cepjuanxxiii.edu.ar\/sitio\/wp-json\/wp\/v2\/comments?post=633"}],"version-history":[{"count":3,"href":"https:\/\/www.cepjuanxxiii.edu.ar\/sitio\/wp-json\/wp\/v2\/pages\/633\/revisions"}],"predecessor-version":[{"id":668,"href":"https:\/\/www.cepjuanxxiii.edu.ar\/sitio\/wp-json\/wp\/v2\/pages\/633\/revisions\/668"}],"wp:attachment":[{"href":"https:\/\/www.cepjuanxxiii.edu.ar\/sitio\/wp-json\/wp\/v2\/media?parent=633"}],"curies":[{"name":"wp","href":"https:\/\/api.w.org\/{rel}","templated":true}]}}